{"id":25,"date":"2024-01-04T15:45:36","date_gmt":"2024-01-04T15:45:36","guid":{"rendered":"https:\/\/fernandesdovale.com\/?page_id=25"},"modified":"2024-01-15T10:22:35","modified_gmt":"2024-01-15T10:22:35","slug":"contactos","status":"publish","type":"page","link":"https:\/\/fernandesdovale.com\/index.php\/contactos\/","title":{"rendered":"Contactos"},"content":{"rendered":"\n<div class=\"wp-block-group alignwide has-global-padding is-layout-constrained wp-container-core-group-is-layout-7db9d80f wp-block-group-is-layout-constrained\" style=\"padding-right:0;padding-left:0\">\n<div class=\"wp-block-group alignfull is-vertical is-content-justification-right is-layout-flex wp-container-core-group-is-layout-5b219208 wp-block-group-is-layout-flex\" style=\"border-radius:15px;padding-top:0;padding-right:0;padding-bottom:0;padding-left:0\">\n<div style=\"height:0px\" aria-hidden=\"true\" class=\"wp-block-spacer wp-container-content-6388d5dc\"><\/div>\n\n\n\n<h3 class=\"wp-block-heading has-text-align-right\" style=\"font-style:normal;font-weight:200\">Fernandes do Vale, Advogados<\/h3>\n\n\n\n<div style=\"height:0px\" aria-hidden=\"true\" class=\"wp-block-spacer wp-container-content-728072c3\"><\/div>\n\n\n\n<h5 class=\"wp-block-heading has-text-align-right\" style=\"font-style:normal;font-weight:100\">Avenida Ant\u00f3nio Feij\u00f3<br>Pr\u00e9dio Avenida, 1\u00ba, Salas D, E<\/h5>\n\n\n\n<h6 class=\"wp-block-heading has-text-align-right\" style=\"font-style:normal;font-weight:100\">4990 029 Ponte de Lima<br>Portugal<\/h6>\n\n\n\n<div style=\"height:0px\" aria-hidden=\"true\" class=\"wp-block-spacer wp-container-content-62aae154\"><\/div>\n\n\n\n<p class=\"has-text-align-right\" style=\"font-size:0.7rem;font-style:normal;font-weight:100;text-transform:uppercase\">segunda-feira a quinta-feira  <strong> 09:30-12:30   14:30-18:00<\/strong><br>sexta-feira   <strong>09:30-12:30   14:30-16:00<\/strong><\/p>\n\n\n\n<div style=\"height:0px\" aria-hidden=\"true\" class=\"wp-block-spacer wp-container-content-728072c3\"><\/div>\n\n\n\n<h6 class=\"wp-block-heading has-text-align-right\" style=\"text-transform:none\">FAX +351 258 941\u00a0562<br><strong>TELEFONE +351 258 941 536<\/strong><br>(chamada para a rede fixa nacional)<\/h6>\n\n\n\n<h6 class=\"wp-block-heading has-text-align-right\" style=\"text-transform:none\"><strong>TELEM\u00d3VEL + 351 960 171\u00a0101<\/strong><br>(chamada para rede m\u00f3vel nacional)<\/h6>\n\n\n\n<div style=\"height:0px\" aria-hidden=\"true\" class=\"wp-block-spacer wp-container-content-728072c3\"><\/div>\n\n\n\n<p><a href=\"mailto:escritorio@fernandesdovale.com\"><em>escritorio@fernandesdovale.com<\/em><\/a><\/p>\n<\/div>\n<\/div>\n\n\n\n<div style=\"height:100px\" aria-hidden=\"true\" class=\"wp-block-spacer\"><\/div>\n\n\n\n<div class=\"wp-block-group alignwide is-content-justification-right is-nowrap is-layout-flex wp-container-core-group-is-layout-17124a9a wp-block-group-is-layout-flex\" style=\"border-radius:16px\">\n<iframe src=\"https:\/\/www.google.com\/maps\/embed?pb=!1m18!1m12!1m3!1d1044.336060345495!2d-8.580531701142936!3d41.765257498189!2m3!1f0!2f0!3f0!3m2!1i1024!2i768!4f13.1!3m3!1m2!1s0xd25a5fb06ec276d%3A0xe93b86ef4fa23a50!2sAv.%20Ant%C3%B3nio%20Feij%C3%B3%2048%2C%204990-029%20Pte.%20de%20Lima!5e1!3m2!1sen!2spt!4v1704474771318!5m2!1sen!2spt\" width=\"1280\" height=\"620\" style=\"border:0;\" allowfullscreen=\"\" loading=\"lazy\" referrerpolicy=\"no-referrer-when-downgrade\"><\/iframe>\n<\/div>\n\n\n\n<div style=\"height:100px\" aria-hidden=\"true\" class=\"wp-block-spacer\"><\/div>\n","protected":false},"excerpt":{"rendered":"<p>Fernandes do Vale, Advogados Avenida Ant\u00f3nio Feij\u00f3Pr\u00e9dio Avenida, 1\u00ba, Salas D, E 4990 029 Ponte de LimaPortugal segunda-feira a quinta-feira 09:30-12:30 14:30-18:00sexta-feira 09:30-12:30 14:30-16:00 FAX +351 258 941\u00a0562TELEFONE +351 258 941 536(chamada para a rede fixa nacional) TELEM\u00d3VEL + 351 960 171\u00a0101(chamada para rede m\u00f3vel nacional) escritorio@fernandesdovale.com<\/p>\n","protected":false},"author":1,"featured_media":19,"parent":0,"menu_order":0,"comment_status":"closed","ping_status":"closed","template":"","meta":{"footnotes":""},"class_list":["post-25","page","type-page","status-publish","has-post-thumbnail","hentry"],"jetpack_sharing_enabled":true,"_links":{"self":[{"href":"https:\/\/fernandesdovale.com\/index.php\/wp-json\/wp\/v2\/pages\/25","targetHints":{"allow":["GET"]}}],"collection":[{"href":"https:\/\/fernandesdovale.com\/index.php\/wp-json\/wp\/v2\/pages"}],"about":[{"href":"https:\/\/fernandesdovale.com\/index.php\/wp-json\/wp\/v2\/types\/page"}],"author":[{"embeddable":true,"href":"https:\/\/fernandesdovale.com\/index.php\/wp-json\/wp\/v2\/users\/1"}],"replies":[{"embeddable":true,"href":"https:\/\/fernandesdovale.com\/index.php\/wp-json\/wp\/v2\/comments?post=25"}],"version-history":[{"count":37,"href":"https:\/\/fernandesdovale.com\/index.php\/wp-json\/wp\/v2\/pages\/25\/revisions"}],"predecessor-version":[{"id":387,"href":"https:\/\/fernandesdovale.com\/index.php\/wp-json\/wp\/v2\/pages\/25\/revisions\/387"}],"wp:featuredmedia":[{"embeddable":true,"href":"https:\/\/fernandesdovale.com\/index.php\/wp-json\/wp\/v2\/media\/19"}],"wp:attachment":[{"href":"https:\/\/fernandesdovale.com\/index.php\/wp-json\/wp\/v2\/media?parent=25"}],"curies":[{"name":"wp","href":"https:\/\/api.w.org\/{rel}","templated":true}]}}