{"id":33,"date":"2024-01-04T15:48:19","date_gmt":"2024-01-04T15:48:19","guid":{"rendered":"https:\/\/fernandesdovale.com\/?page_id=33"},"modified":"2024-11-22T16:37:28","modified_gmt":"2024-11-22T16:37:28","slug":"equipa-2","status":"publish","type":"page","link":"https:\/\/fernandesdovale.com\/index.php\/equipa-2\/","title":{"rendered":"Equipa"},"content":{"rendered":"\n<div class=\"wp-block-group alignfull has-global-padding is-layout-constrained wp-container-core-group-is-layout-669513ed wp-block-group-is-layout-constrained\" style=\"margin-top:0;margin-bottom:0;padding-top:var(--wp--preset--spacing--50);padding-right:var(--wp--preset--spacing--50);padding-bottom:var(--wp--preset--spacing--50);padding-left:var(--wp--preset--spacing--50)\">\n<div class=\"wp-block-group is-vertical is-content-justification-center is-layout-flex wp-container-core-group-is-layout-ce155fab wp-block-group-is-layout-flex\">\n<h2 class=\"wp-block-heading has-text-align-center has-xx-large-font-size\">Conhe\u00e7a a nossa Equipa<\/h2>\n\n\n\n<p class=\"has-text-align-center\">Dedicados e apaixonados pelo direito h\u00e1 mais de 40 anos, unidos pelo compromisso com a excel\u00eancia e a justi\u00e7a. Trazemos connosco uma combina\u00e7\u00e3o \u00fanica de experi\u00eancia, conhecimento qualificado e uma abordagem proativa para atender \u00e0s necessidades individuais dos nossos clientes. Juntos, trabalhamos em sintonia, colaborando de forma coesa e comprometida para oferecer solu\u00e7\u00f5es jur\u00eddicas s\u00f3lidas e personalizadas. Estamos aqui para os nossos clientes, com o objetivo comum de alcan\u00e7ar os melhores resultados.<\/p>\n<\/div>\n\n\n\n<div style=\"height:var(--wp--preset--spacing--30)\" aria-hidden=\"true\" class=\"wp-block-spacer\"><\/div>\n<\/div>\n\n\n\n<div class=\"wp-block-columns alignwide are-vertically-aligned-top is-layout-flex wp-container-core-columns-is-layout-0fa9dc34 wp-block-columns-is-layout-flex\" style=\"margin-top:0;margin-bottom:0;padding-right:var(--wp--preset--spacing--60);padding-left:var(--wp--preset--spacing--60)\">\n<div class=\"wp-block-column is-vertically-aligned-top is-layout-flow wp-block-column-is-layout-flow\">\n<figure class=\"wp-block-image size-full has-custom-border is-style-rounded is-style-rounded--1\"><img loading=\"lazy\" decoding=\"async\" width=\"800\" height=\"800\" src=\"https:\/\/fernandesdovale.com\/wp-content\/uploads\/2024\/01\/Joaquim-Vale.jpg\" alt=\"\" class=\"wp-image-364\" style=\"border-radius:16px;aspect-ratio:1;object-fit:cover\" srcset=\"https:\/\/fernandesdovale.com\/wp-content\/uploads\/2024\/01\/Joaquim-Vale.jpg 800w, https:\/\/fernandesdovale.com\/wp-content\/uploads\/2024\/01\/Joaquim-Vale-300x300.jpg 300w, https:\/\/fernandesdovale.com\/wp-content\/uploads\/2024\/01\/Joaquim-Vale-150x150.jpg 150w, https:\/\/fernandesdovale.com\/wp-content\/uploads\/2024\/01\/Joaquim-Vale-768x768.jpg 768w\" sizes=\"auto, (max-width: 800px) 100vw, 800px\" \/><\/figure>\n\n\n\n<div class=\"wp-block-group is-vertical is-content-justification-center is-nowrap is-layout-flex wp-container-core-group-is-layout-21d4e958 wp-block-group-is-layout-flex\">\n<p class=\"has-text-align-center wp-container-content-82ea18c2\" style=\"font-size:0.75rem;text-transform:uppercase\"> <strong>J. Fernandes do Vale<\/strong> <\/p>\n\n\n\n<p class=\"has-text-align-center\" style=\"font-size:0.75rem;text-transform:uppercase\">Advogado<\/p>\n<\/div>\n<\/div>\n\n\n\n<div class=\"wp-block-column is-vertically-aligned-top is-layout-flow wp-block-column-is-layout-flow\">\n<figure class=\"wp-block-image size-full has-custom-border is-style-rounded is-style-rounded--2\"><img loading=\"lazy\" decoding=\"async\" width=\"1018\" height=\"1017\" src=\"https:\/\/fernandesdovale.com\/wp-content\/uploads\/2024\/01\/Joana-do-Vale-2-edited-2.jpg\" alt=\"\" class=\"wp-image-370\" style=\"border-radius:16px;aspect-ratio:1;object-fit:cover\" srcset=\"https:\/\/fernandesdovale.com\/wp-content\/uploads\/2024\/01\/Joana-do-Vale-2-edited-2.jpg 1018w, https:\/\/fernandesdovale.com\/wp-content\/uploads\/2024\/01\/Joana-do-Vale-2-edited-2-300x300.jpg 300w, https:\/\/fernandesdovale.com\/wp-content\/uploads\/2024\/01\/Joana-do-Vale-2-edited-2-150x150.jpg 150w, https:\/\/fernandesdovale.com\/wp-content\/uploads\/2024\/01\/Joana-do-Vale-2-edited-2-768x767.jpg 768w\" sizes=\"auto, (max-width: 1018px) 100vw, 1018px\" \/><\/figure>\n\n\n\n<div class=\"wp-block-group is-vertical is-content-justification-center is-nowrap is-layout-flex wp-container-core-group-is-layout-63bfd6c1 wp-block-group-is-layout-flex\">\n<p class=\"has-text-align-center wp-container-content-82ea18c2\" style=\"font-size:0.75rem;text-transform:uppercase\"> <strong>Joana Fernandes do Vale<\/strong> <\/p>\n\n\n\n<p class=\"has-text-align-center\" style=\"font-size:0.75rem\">ADVOGADA<\/p>\n<\/div>\n<\/div>\n\n\n\n<div class=\"wp-block-column is-vertically-aligned-top is-layout-flow wp-block-column-is-layout-flow\">\n<figure class=\"wp-block-image size-full has-custom-border is-style-rounded is-style-rounded--3\"><img loading=\"lazy\" decoding=\"async\" width=\"2560\" height=\"2560\" src=\"https:\/\/fernandesdovale.com\/wp-content\/uploads\/2024\/01\/Dores-do-Vale-2-scaled.jpg\" alt=\"\" class=\"wp-image-356\" style=\"border-radius:16px;aspect-ratio:1;object-fit:cover\" srcset=\"https:\/\/fernandesdovale.com\/wp-content\/uploads\/2024\/01\/Dores-do-Vale-2-scaled.jpg 2560w, https:\/\/fernandesdovale.com\/wp-content\/uploads\/2024\/01\/Dores-do-Vale-2-300x300.jpg 300w, https:\/\/fernandesdovale.com\/wp-content\/uploads\/2024\/01\/Dores-do-Vale-2-1024x1024.jpg 1024w, https:\/\/fernandesdovale.com\/wp-content\/uploads\/2024\/01\/Dores-do-Vale-2-150x150.jpg 150w, https:\/\/fernandesdovale.com\/wp-content\/uploads\/2024\/01\/Dores-do-Vale-2-768x768.jpg 768w, https:\/\/fernandesdovale.com\/wp-content\/uploads\/2024\/01\/Dores-do-Vale-2-1536x1536.jpg 1536w, https:\/\/fernandesdovale.com\/wp-content\/uploads\/2024\/01\/Dores-do-Vale-2-2048x2048.jpg 2048w\" sizes=\"auto, (max-width: 2560px) 100vw, 2560px\" \/><\/figure>\n\n\n\n<div class=\"wp-block-group is-vertical is-content-justification-center is-nowrap is-layout-flex wp-container-core-group-is-layout-21d4e958 wp-block-group-is-layout-flex\">\n<p class=\"has-text-align-center wp-container-content-82ea18c2\" style=\"font-size:0.75rem;text-transform:uppercase\"><strong> M. DORES FERNANDES DO VALE<\/strong><\/p>\n\n\n\n<p class=\"has-text-align-center\" style=\"font-size:0.76rem;text-transform:uppercase\">Funcion\u00e1ria Forense<\/p>\n<\/div>\n<\/div>\n\n\n\n<div class=\"wp-block-column is-vertically-aligned-top is-layout-flow wp-block-column-is-layout-flow\">\n<figure class=\"wp-block-image size-full has-custom-border is-style-rounded wp-duotone-111111-rgb224224224-5 is-style-rounded--4\"><img loading=\"lazy\" decoding=\"async\" width=\"668\" height=\"668\" src=\"https:\/\/fernandesdovale.com\/wp-content\/uploads\/2024\/11\/image.png\" alt=\"\" class=\"wp-image-397\" style=\"border-radius:16px;aspect-ratio:1;object-fit:cover\" srcset=\"https:\/\/fernandesdovale.com\/wp-content\/uploads\/2024\/11\/image.png 668w, https:\/\/fernandesdovale.com\/wp-content\/uploads\/2024\/11\/image-300x300.png 300w, https:\/\/fernandesdovale.com\/wp-content\/uploads\/2024\/11\/image-150x150.png 150w\" sizes=\"auto, (max-width: 668px) 100vw, 668px\" \/><\/figure>\n\n\n\n<div class=\"wp-block-group is-vertical is-content-justification-center is-nowrap is-layout-flex wp-container-core-group-is-layout-63bfd6c1 wp-block-group-is-layout-flex\">\n<p class=\"has-text-align-center wp-container-content-82ea18c2\" style=\"font-size:0.76rem;text-transform:uppercase\"><strong>FILIPA Montes LIQUITO<\/strong><\/p>\n\n\n\n<p class=\"has-text-align-center\" style=\"font-size:0.76rem;text-transform:uppercase\">Funcion\u00e1ria forense<\/p>\n<\/div>\n<\/div>\n\n\n\n<div class=\"wp-block-column is-vertically-aligned-top is-layout-flow wp-block-column-is-layout-flow\">\n<figure class=\"wp-block-image size-full has-custom-border is-style-rounded is-style-rounded--6\"><img loading=\"lazy\" decoding=\"async\" width=\"1123\" height=\"1122\" src=\"https:\/\/fernandesdovale.com\/wp-content\/uploads\/2024\/02\/Sandra-Lima-1.jpg\" alt=\"\" class=\"wp-image-393\" style=\"border-radius:16px;aspect-ratio:1;object-fit:cover\" srcset=\"https:\/\/fernandesdovale.com\/wp-content\/uploads\/2024\/02\/Sandra-Lima-1.jpg 1123w, https:\/\/fernandesdovale.com\/wp-content\/uploads\/2024\/02\/Sandra-Lima-1-300x300.jpg 300w, https:\/\/fernandesdovale.com\/wp-content\/uploads\/2024\/02\/Sandra-Lima-1-1024x1024.jpg 1024w, https:\/\/fernandesdovale.com\/wp-content\/uploads\/2024\/02\/Sandra-Lima-1-150x150.jpg 150w, https:\/\/fernandesdovale.com\/wp-content\/uploads\/2024\/02\/Sandra-Lima-1-768x767.jpg 768w\" sizes=\"auto, (max-width: 1123px) 100vw, 1123px\" \/><\/figure>\n\n\n\n<div class=\"wp-block-group is-vertical is-content-justification-center is-nowrap is-layout-flex wp-container-core-group-is-layout-63bfd6c1 wp-block-group-is-layout-flex\">\n<p class=\"has-text-align-center wp-container-content-82ea18c2\" style=\"font-size:0.76rem;text-transform:uppercase\"><strong>SANDRA LIMA<\/strong><\/p>\n\n\n\n<p class=\"has-text-align-center\" style=\"font-size:0.76rem;text-transform:uppercase\">Funcion\u00e1ria forense<\/p>\n<\/div>\n<\/div>\n<\/div>\n\n\n\n<p><\/p>\n","protected":false},"excerpt":{"rendered":"<p>Conhe\u00e7a a nossa Equipa Dedicados e apaixonados pelo direito h\u00e1 mais de 40 anos, unidos pelo compromisso com a excel\u00eancia e a justi\u00e7a. Trazemos connosco uma combina\u00e7\u00e3o \u00fanica de experi\u00eancia, conhecimento qualificado e uma abordagem proativa para atender \u00e0s necessidades individuais dos nossos clientes. Juntos, trabalhamos em sintonia, colaborando de forma coesa e comprometida para [&hellip;]<\/p>\n","protected":false},"author":1,"featured_media":0,"parent":0,"menu_order":0,"comment_status":"closed","ping_status":"closed","template":"","meta":{"footnotes":""},"class_list":["post-33","page","type-page","status-publish","hentry"],"jetpack_sharing_enabled":true,"_links":{"self":[{"href":"https:\/\/fernandesdovale.com\/index.php\/wp-json\/wp\/v2\/pages\/33","targetHints":{"allow":["GET"]}}],"collection":[{"href":"https:\/\/fernandesdovale.com\/index.php\/wp-json\/wp\/v2\/pages"}],"about":[{"href":"https:\/\/fernandesdovale.com\/index.php\/wp-json\/wp\/v2\/types\/page"}],"author":[{"embeddable":true,"href":"https:\/\/fernandesdovale.com\/index.php\/wp-json\/wp\/v2\/users\/1"}],"replies":[{"embeddable":true,"href":"https:\/\/fernandesdovale.com\/index.php\/wp-json\/wp\/v2\/comments?post=33"}],"version-history":[{"count":37,"href":"https:\/\/fernandesdovale.com\/index.php\/wp-json\/wp\/v2\/pages\/33\/revisions"}],"predecessor-version":[{"id":401,"href":"https:\/\/fernandesdovale.com\/index.php\/wp-json\/wp\/v2\/pages\/33\/revisions\/401"}],"wp:attachment":[{"href":"https:\/\/fernandesdovale.com\/index.php\/wp-json\/wp\/v2\/media?parent=33"}],"curies":[{"name":"wp","href":"https:\/\/api.w.org\/{rel}","templated":true}]}}