{"id":35,"date":"2024-01-04T15:48:49","date_gmt":"2024-01-04T15:48:49","guid":{"rendered":"https:\/\/fernandesdovale.com\/?page_id=35"},"modified":"2024-01-15T10:02:38","modified_gmt":"2024-01-15T10:02:38","slug":"servicos-juridicos","status":"publish","type":"page","link":"https:\/\/fernandesdovale.com\/index.php\/servicos-juridicos\/","title":{"rendered":"Servi\u00e7os Jur\u00eddicos"},"content":{"rendered":"\n<div class=\"wp-block-group alignfull has-global-padding is-layout-constrained wp-container-core-group-is-layout-669513ed wp-block-group-is-layout-constrained\" style=\"margin-top:0;margin-bottom:0;padding-top:var(--wp--preset--spacing--50);padding-right:var(--wp--preset--spacing--50);padding-bottom:var(--wp--preset--spacing--50);padding-left:var(--wp--preset--spacing--50)\">\n<div class=\"wp-block-group alignwide has-global-padding is-layout-constrained wp-container-core-group-is-layout-7e99577a wp-block-group-is-layout-constrained\" style=\"border-style:none;border-width:0px;border-radius:16px;padding-top:var(--wp--preset--spacing--50);padding-right:0;padding-bottom:var(--wp--preset--spacing--50);padding-left:0\">\n<div class=\"wp-block-group alignwide is-vertical is-content-justification-stretch is-layout-flex wp-container-core-group-is-layout-353c4f5a wp-block-group-is-layout-flex\">\n<h2 class=\"wp-block-heading has-text-align-center is-style-default has-system-sans-serif-font-family\" style=\"font-style:normal;font-weight:200\">\u00c1REAS DE ACTUA\u00c7\u00c3O<\/h2>\n<\/div>\n\n\n\n<div style=\"height:var(--wp--preset--spacing--40)\" aria-hidden=\"true\" class=\"wp-block-spacer\"><\/div>\n\n\n\n<div class=\"wp-block-columns is-layout-flex wp-container-core-columns-is-layout-28f84493 wp-block-columns-is-layout-flex\" style=\"border-bottom-style:none;border-bottom-width:0px\">\n<div class=\"wp-block-column has-global-padding is-layout-constrained wp-block-column-is-layout-constrained\" style=\"flex-basis:100%\"><\/div>\n<\/div>\n\n\n\n<div class=\"wp-block-columns alignfull is-layout-flex wp-container-core-columns-is-layout-157fd659 wp-block-columns-is-layout-flex\" style=\"border-top-left-radius:16px;border-top-right-radius:16px;padding-right:0;padding-left:0\">\n<div class=\"wp-block-column is-layout-flow wp-block-column-is-layout-flow\" style=\"border-top-width:1px;padding-top:var(--wp--preset--spacing--30);padding-right:0;padding-bottom:var(--wp--preset--spacing--10);padding-left:0\">\n<div class=\"wp-block-group is-vertical is-content-justification-stretch is-layout-flex wp-container-core-group-is-layout-353c4f5a wp-block-group-is-layout-flex\">\n<p class=\"has-text-align-center has-system-sans-serif-font-family wp-container-content-82ea18c2\" style=\"font-style:normal;font-weight:300\">DIREITO DAS OBRIGA\u00c7\u00d5ES<\/p>\n\n\n\n<p class=\"has-text-align-center has-system-sans-serif-font-family\" style=\"font-style:normal;font-weight:100\">Contratos, Direito das obriga\u00e7\u00f5es, Responsabilidade\u00a0civil, Arrendamento, Loca\u00e7\u00e3o, Trespasse, Direito da vizinhan\u00e7a, Direitos reais -posse, propriedade, usufruto.<\/p>\n<\/div>\n\n\n\n<div style=\"height:var(--wp--preset--spacing--10)\" aria-hidden=\"true\" class=\"wp-block-spacer\"><\/div>\n<\/div>\n\n\n\n<div class=\"wp-block-column is-layout-flow wp-block-column-is-layout-flow\" style=\"border-top-width:1px;padding-top:var(--wp--preset--spacing--30);padding-right:0;padding-bottom:var(--wp--preset--spacing--10);padding-left:0\">\n<div class=\"wp-block-group is-vertical is-content-justification-stretch is-layout-flex wp-container-core-group-is-layout-353c4f5a wp-block-group-is-layout-flex\">\n<p class=\"has-text-align-center has-system-sans-serif-font-family wp-container-content-82ea18c2\" style=\"font-style:normal;font-weight:300\">DIREITO DAS COISAS<\/p>\n\n\n\n<p class=\"has-text-align-center\" style=\"font-style:normal;font-weight:100\">Direito de propriedade, Usufruto, Uso, Servid\u00f5es prediais.<\/p>\n<\/div>\n\n\n\n<div style=\"height:var(--wp--preset--spacing--10)\" aria-hidden=\"true\" class=\"wp-block-spacer\"><\/div>\n<\/div>\n\n\n\n<div class=\"wp-block-column is-layout-flow wp-block-column-is-layout-flow\" style=\"border-top-width:1px;padding-top:var(--wp--preset--spacing--30);padding-right:0;padding-bottom:var(--wp--preset--spacing--10);padding-left:0\">\n<div class=\"wp-block-group is-vertical is-content-justification-stretch is-layout-flex wp-container-core-group-is-layout-353c4f5a wp-block-group-is-layout-flex\">\n<p class=\"has-text-align-center has-system-sans-serif-font-family wp-container-content-82ea18c2\" style=\"font-style:normal;font-weight:300\">DIREITO DA FAM\u00cdLIA<\/p>\n\n\n\n<p class=\"has-text-align-center\" style=\"font-style:normal;font-weight:100\">Casamento, Div\u00f3rcio e separa\u00e7\u00e3o de pessoas e bens, Filia\u00e7\u00e3o, Responsabilidades parentais.<\/p>\n<\/div>\n\n\n\n<div style=\"height:var(--wp--preset--spacing--10)\" aria-hidden=\"true\" class=\"wp-block-spacer\"><\/div>\n<\/div>\n<\/div>\n\n\n\n<div class=\"wp-block-columns alignfull is-layout-flex wp-container-core-columns-is-layout-157fd659 wp-block-columns-is-layout-flex\" style=\"border-top-left-radius:16px;border-top-right-radius:16px;padding-right:0;padding-left:0\">\n<div class=\"wp-block-column is-layout-flow wp-block-column-is-layout-flow\" style=\"border-top-width:1px;padding-top:var(--wp--preset--spacing--30);padding-right:0;padding-bottom:var(--wp--preset--spacing--10);padding-left:0\">\n<div class=\"wp-block-group is-vertical is-content-justification-stretch is-layout-flex wp-container-core-group-is-layout-353c4f5a wp-block-group-is-layout-flex\">\n<p class=\"has-text-align-center has-system-sans-serif-font-family wp-container-content-82ea18c2\" style=\"font-style:normal;font-weight:300\">DIREITO DAS SUCESS\u00d5ES<\/p>\n\n\n\n<p class=\"has-text-align-center\" style=\"font-style:normal;font-weight:100\">Sucess\u00e3o leg\u00edtima; Sucess\u00e3o legitim\u00e1ria; Sucess\u00e3o testament\u00e1ria; Partilha.<\/p>\n<\/div>\n\n\n\n<div style=\"height:var(--wp--preset--spacing--10)\" aria-hidden=\"true\" class=\"wp-block-spacer\"><\/div>\n<\/div>\n\n\n\n<div class=\"wp-block-column is-layout-flow wp-block-column-is-layout-flow\" style=\"border-top-width:1px;padding-top:var(--wp--preset--spacing--30);padding-right:0;padding-bottom:var(--wp--preset--spacing--10);padding-left:0\">\n<div class=\"wp-block-group is-vertical is-content-justification-stretch is-layout-flex wp-container-core-group-is-layout-353c4f5a wp-block-group-is-layout-flex\">\n<p class=\"has-text-align-center has-system-sans-serif-font-family wp-container-content-82ea18c2\" style=\"font-style:normal;font-weight:300\">DIREITO PENAL E CONTRAORDENACIONAL<\/p>\n\n\n\n<p class=\"has-text-align-center\" style=\"font-style:normal;font-weight:100\">Processos de natureza penal e contraordenacional, desde a fase de investiga\u00e7\u00e3o e instru\u00e7\u00e3o, at\u00e9 \u00e0 fase judicial.<\/p>\n<\/div>\n\n\n\n<div style=\"height:var(--wp--preset--spacing--10)\" aria-hidden=\"true\" class=\"wp-block-spacer\"><\/div>\n<\/div>\n\n\n\n<div class=\"wp-block-column is-layout-flow wp-block-column-is-layout-flow\" style=\"border-top-color:var(--wp--preset--color--contrast);border-top-width:1px;padding-top:var(--wp--preset--spacing--30);padding-right:0;padding-bottom:var(--wp--preset--spacing--10);padding-left:0\">\n<div class=\"wp-block-group is-vertical is-content-justification-stretch is-layout-flex wp-container-core-group-is-layout-353c4f5a wp-block-group-is-layout-flex\">\n<p class=\"has-text-align-center has-system-sans-serif-font-family wp-container-content-82ea18c2\" style=\"font-style:normal;font-weight:300\">DIREITO DO TRABALHO<\/p>\n\n\n\n<p class=\"has-text-align-center\" style=\"font-style:normal;font-weight:100\">Contratos de trabalho; Cessa\u00e7\u00e3o de contratos de trabalho; Contencioso laboral; Contraordenacional laboral.<\/p>\n<\/div>\n\n\n\n<div style=\"height:var(--wp--preset--spacing--10)\" aria-hidden=\"true\" class=\"wp-block-spacer\"><\/div>\n<\/div>\n<\/div>\n\n\n\n<div class=\"wp-block-columns alignwide is-layout-flex wp-container-core-columns-is-layout-e37d7211 wp-block-columns-is-layout-flex\">\n<div class=\"wp-block-column is-layout-flow wp-block-column-is-layout-flow\" style=\"border-top-color:var(--wp--preset--color--contrast);border-top-width:1px;padding-top:var(--wp--preset--spacing--30);padding-right:0;padding-bottom:var(--wp--preset--spacing--10);padding-left:0\">\n<div class=\"wp-block-group is-vertical is-content-justification-stretch is-layout-flex wp-container-core-group-is-layout-353c4f5a wp-block-group-is-layout-flex\">\n<p class=\"has-text-align-center has-system-sans-serif-font-family wp-container-content-82ea18c2\" style=\"font-style:normal;font-weight:300\">DIREITO COMERCIAL E SOCIET\u00c1RIO<\/p>\n\n\n\n<p class=\"has-text-align-center\" style=\"font-style:normal;font-weight:100\">Contratos comerciais; Dissolu\u00e7\u00e3o e liquida\u00e7\u00e3o de sociedades; Contencioso comercial e societ\u00e1rio.<\/p>\n<\/div>\n\n\n\n<div style=\"height:var(--wp--preset--spacing--10)\" aria-hidden=\"true\" class=\"wp-block-spacer\"><\/div>\n<\/div>\n\n\n\n<div class=\"wp-block-column is-layout-flow wp-block-column-is-layout-flow\" style=\"border-top-color:var(--wp--preset--color--contrast);border-top-width:1px;padding-top:var(--wp--preset--spacing--30);padding-right:0;padding-bottom:var(--wp--preset--spacing--10);padding-left:0\">\n<div class=\"wp-block-group is-vertical is-content-justification-stretch is-layout-flex wp-container-core-group-is-layout-353c4f5a wp-block-group-is-layout-flex\">\n<p class=\"has-text-align-center has-system-sans-serif-font-family wp-container-content-82ea18c2\" style=\"font-style:normal;font-weight:300\">DIREITO ADMINISTRATIVO<\/p>\n\n\n\n<p class=\"has-text-align-center\" style=\"font-style:normal;font-weight:100\">Procedimentos de licenciamento de atividades; Elabora\u00e7\u00e3o de pareceres; Contencioso administrativo.<\/p>\n<\/div>\n\n\n\n<div style=\"height:var(--wp--preset--spacing--10)\" aria-hidden=\"true\" class=\"wp-block-spacer\"><\/div>\n<\/div>\n\n\n\n<div class=\"wp-block-column is-layout-flow wp-block-column-is-layout-flow\" style=\"border-top-width:1px;padding-top:var(--wp--preset--spacing--30);padding-right:0;padding-bottom:var(--wp--preset--spacing--10);padding-left:0\">\n<div class=\"wp-block-group is-vertical is-content-justification-stretch is-layout-flex wp-container-core-group-is-layout-353c4f5a wp-block-group-is-layout-flex\">\n<p class=\"has-text-align-center has-system-sans-serif-font-family wp-container-content-82ea18c2\" style=\"font-style:normal;font-weight:300\">DIREITO DO URBANISMO<\/p>\n\n\n\n<p class=\"has-text-align-center\" style=\"font-style:normal;font-weight:100\">Procedimentos de informa\u00e7\u00e3o pr\u00e9via, de autoriza\u00e7\u00e3o e de licenciamento de opera\u00e7\u00f5es urban\u00edsticas; Responsabilidade contraordenacional urban\u00edstica.<\/p>\n<\/div>\n\n\n\n<div style=\"height:var(--wp--preset--spacing--10)\" aria-hidden=\"true\" class=\"wp-block-spacer\"><\/div>\n<\/div>\n<\/div>\n\n\n\n<div class=\"wp-block-columns alignwide is-layout-flex wp-container-core-columns-is-layout-e37d7211 wp-block-columns-is-layout-flex\">\n<div class=\"wp-block-column is-layout-flow wp-block-column-is-layout-flow\" style=\"border-top-width:1px;padding-top:var(--wp--preset--spacing--30);padding-right:0;padding-bottom:var(--wp--preset--spacing--10);padding-left:0\">\n<div class=\"wp-block-group is-vertical is-content-justification-stretch is-layout-flex wp-container-core-group-is-layout-353c4f5a wp-block-group-is-layout-flex\">\n<p class=\"has-text-align-center has-system-sans-serif-font-family wp-container-content-82ea18c2\" style=\"font-style:normal;font-weight:300\">DIREITO FISCAL<\/p>\n\n\n\n<p class=\"has-text-align-center\" style=\"font-style:normal;font-weight:100\">Responsabilidade fiscal dos administradores, gerentes de empresas, associa\u00e7\u00f5es, funda\u00e7\u00f5es; Crimes e infra\u00e7\u00f5es fiscais.<\/p>\n<\/div>\n\n\n\n<div style=\"height:var(--wp--preset--spacing--10)\" aria-hidden=\"true\" class=\"wp-block-spacer\"><\/div>\n<\/div>\n\n\n\n<div class=\"wp-block-column is-layout-flow wp-block-column-is-layout-flow\" style=\"border-top-color:var(--wp--preset--color--contrast);border-top-width:1px;padding-top:var(--wp--preset--spacing--30);padding-right:0;padding-bottom:var(--wp--preset--spacing--10);padding-left:0\">\n<div class=\"wp-block-group is-vertical is-content-justification-stretch is-layout-flex wp-container-core-group-is-layout-353c4f5a wp-block-group-is-layout-flex\">\n<p class=\"has-text-align-center has-system-sans-serif-font-family wp-container-content-82ea18c2\" style=\"font-style:normal;font-weight:300\">DIREITO DO AMBIENTE<\/p>\n\n\n\n<p class=\"has-text-align-center\" style=\"font-style:normal;font-weight:100\">Responsabilidade civil, administrativa e penal (contraordena\u00e7\u00f5es, pr\u00e9-contencioso e contencioso ambiental); Elabora\u00e7\u00e3o de pareceres.<\/p>\n<\/div>\n\n\n\n<div style=\"height:var(--wp--preset--spacing--10)\" aria-hidden=\"true\" class=\"wp-block-spacer\"><\/div>\n<\/div>\n\n\n\n<div class=\"wp-block-column is-layout-flow wp-block-column-is-layout-flow\" style=\"border-top-color:var(--wp--preset--color--contrast);border-top-width:1px;padding-top:var(--wp--preset--spacing--30);padding-right:0;padding-bottom:var(--wp--preset--spacing--10);padding-left:0\">\n<div class=\"wp-block-group is-vertical is-content-justification-stretch is-layout-flex wp-container-core-group-is-layout-353c4f5a wp-block-group-is-layout-flex\">\n<p class=\"has-text-align-center has-system-sans-serif-font-family wp-container-content-82ea18c2\" style=\"font-style:normal;font-weight:300\">DIREITO DO CONSUMIDOR<\/p>\n\n\n\n<p class=\"has-text-align-center\" style=\"font-style:normal;font-weight:100\">Informa\u00e7\u00e3o pr\u00e9-contratual; Cl\u00e1usulas contratuais gerais; Direito de retrata\u00e7\u00e3o; Direito de compensa\u00e7\u00e3o.<\/p>\n<\/div>\n\n\n\n<div style=\"height:var(--wp--preset--spacing--10)\" aria-hidden=\"true\" class=\"wp-block-spacer\"><\/div>\n<\/div>\n<\/div>\n<\/div>\n<\/div>\n","protected":false},"excerpt":{"rendered":"<p>\u00c1REAS DE ACTUA\u00c7\u00c3O DIREITO DAS OBRIGA\u00c7\u00d5ES Contratos, Direito das obriga\u00e7\u00f5es, Responsabilidade\u00a0civil, Arrendamento, Loca\u00e7\u00e3o, Trespasse, Direito da vizinhan\u00e7a, Direitos reais -posse, propriedade, usufruto. DIREITO DAS COISAS Direito de propriedade, Usufruto, Uso, Servid\u00f5es prediais. DIREITO DA FAM\u00cdLIA Casamento, Div\u00f3rcio e separa\u00e7\u00e3o de pessoas e bens, Filia\u00e7\u00e3o, Responsabilidades parentais. DIREITO DAS SUCESS\u00d5ES Sucess\u00e3o leg\u00edtima; Sucess\u00e3o legitim\u00e1ria; Sucess\u00e3o testament\u00e1ria; [&hellip;]<\/p>\n","protected":false},"author":1,"featured_media":18,"parent":0,"menu_order":0,"comment_status":"closed","ping_status":"closed","template":"","meta":{"footnotes":""},"class_list":["post-35","page","type-page","status-publish","has-post-thumbnail","hentry"],"jetpack_sharing_enabled":true,"_links":{"self":[{"href":"https:\/\/fernandesdovale.com\/index.php\/wp-json\/wp\/v2\/pages\/35","targetHints":{"allow":["GET"]}}],"collection":[{"href":"https:\/\/fernandesdovale.com\/index.php\/wp-json\/wp\/v2\/pages"}],"about":[{"href":"https:\/\/fernandesdovale.com\/index.php\/wp-json\/wp\/v2\/types\/page"}],"author":[{"embeddable":true,"href":"https:\/\/fernandesdovale.com\/index.php\/wp-json\/wp\/v2\/users\/1"}],"replies":[{"embeddable":true,"href":"https:\/\/fernandesdovale.com\/index.php\/wp-json\/wp\/v2\/comments?post=35"}],"version-history":[{"count":44,"href":"https:\/\/fernandesdovale.com\/index.php\/wp-json\/wp\/v2\/pages\/35\/revisions"}],"predecessor-version":[{"id":382,"href":"https:\/\/fernandesdovale.com\/index.php\/wp-json\/wp\/v2\/pages\/35\/revisions\/382"}],"wp:featuredmedia":[{"embeddable":true,"href":"https:\/\/fernandesdovale.com\/index.php\/wp-json\/wp\/v2\/media\/18"}],"wp:attachment":[{"href":"https:\/\/fernandesdovale.com\/index.php\/wp-json\/wp\/v2\/media?parent=35"}],"curies":[{"name":"wp","href":"https:\/\/api.w.org\/{rel}","templated":true}]}}